{"id":2,"date":"2020-05-11T16:15:37","date_gmt":"2020-05-11T16:15:37","guid":{"rendered":"https:\/\/www.federtanz.de\/?page_id=2"},"modified":"2021-03-16T19:56:57","modified_gmt":"2021-03-16T18:56:57","slug":"about","status":"publish","type":"page","link":"https:\/\/www.federtanz.de\/?page_id=2","title":{"rendered":"\u00dcber mich"},"content":{"rendered":"\n<p><strong>Vita<\/strong><\/p>\n\n\n\n<p>Beg\u00fcnstigt durch eine Lotto-Totto-Wette des Vaters und so zusagen als \u201eDreingabe\u201c wollte es das Schicksal oder das Gl\u00fcck, dass vor \u00fcber sechs Jahrzehnten ein M\u00e4dchen einige Minuten nach ihrem Bruder auf die Welt kam.<\/p>\n\n\n\n<p>Die Zwillinge verbrachten eine gl\u00fcckliche und unbesorgte Kindheit mit ihren drei \u00e4lteren Geschwistern, den Eltern und der Gro\u00dfmutter im badischen Theaterdorf \u00d6tigheim.<\/p>\n\n\n\n<p>Das j\u00fcngste M\u00e4dchen, kaum konnte sie lesen, verbrachte viel Zeit damit und durfte sogar als \u201eHilfslehrerin\u201c in der Grundschule ihren Mitsch\u00fclern Diktate ansagen.<\/p>\n\n\n\n<p>In der Jugend vertraute sie jahrelang ihrem Tagebuch ihre Geheimnisse an. Sp\u00e4ter w\u00e4hrend ihres Studiums zur Sozialp\u00e4dagogik versuchte sie sich an Kindergeschichten, inspiriert durch allt\u00e4gliche Szenen und Personen, die ihren Weg kreuzten.<\/p>\n\n\n\n<p>Dann als sie bereits einige Jahre verheiratet war und die drei Kinder in der Schule und Kindergarten versorgt wusste, sa\u00df sie morgens bei einer Tasse Kaffee und schrieb f\u00fcr sich, mehrere Schreibhefte voll. Dabei halfen ihr verschiedene B\u00fccher und VHS-Kurse, die \u201ekreatives Schreiben\u201c zum Inhalt hatten.<\/p>\n\n\n\n<p>Wie ihr bestimmt, bereits vermutet habt, bin ich dieses M\u00e4dchen.<\/p>\n\n\n\n<p>Seit meinem Austritt aus dem Berufsleben tanzt die Feder fast t\u00e4glich aufs wei\u00dfe Blatt.<\/p>\n\n\n\n<p>Befl\u00fcgelt durch einen Preis beim Schreibwettbewerb 2019 der S\u00dcDWEST PRESSE f\u00fcr meine Geschichte \u201eAus dem Takt\u201c, schreibe ich vermehrt (skurrile) Kurzgeschichten, Krimigeschichten aber auch sehr gerne Geschichten und M\u00e4rchen f\u00fcr und mit meinen Enkelkindern.<\/p>\n\n\n\n<p>Seit 2018 bin ich beim Verein der Ulmer Autoren und seit 2020 deren erste Vorsitzende.<\/p>\n\n\n\n<p>Wir treffen uns einmal monatlich zum kreativen Austausch und nehmen u.a. an Lesungen und Workshops teil. Ich finde es inspirierend, sich in einer Gruppe mit Gleichgesinnten auszutauschen und nicht nur alleine f\u00fcr mich zu schreiben.<\/p>\n\n\n\n<p>Das Schreiben kann ich mir heute aus meinem Alltag nicht mehr wegdenken. Ich tue dies nicht immer nur zu bestimmten Zeiten, sondern auch zwischen den \u201efreien\u201c Zeiten, z.B: vor, nach oder w\u00e4hrend den allt\u00e4glichen (Haus)- Aufgaben, vor oder nach Schwimmen, Badminton spielen, Nordic-walking oder Tanzen. Ein Notizb\u00fcchlein liegt auf jeden Fall immer parat.<\/p>\n\n\n\n<p>Anregungen f\u00fcr meine Geschichten finde ich \u00fcberall:\u00a0 bei Gespr\u00e4chen, in der Zeitung, in B\u00fcchern, beim Fernsehschauen und, und, und oder beim Spielen mit den Enkelkindern und selbst beim Blick aus dem Fenster.<\/p>\n\n\n\n<p>Mein sehnlichster Wunsch w\u00e4re einmal in meinem Leben einen spannenden Roman, evtl. einen Krimi zu schreiben.<\/p>\n\n\n\n<p>Es reizt mich, eine Story zu erfinden,die anders ausgeht, als es der Leser vermutet. Mich interessiert, wie Menschen miteinander umgehen, was ihre Bed\u00fcrfnisse und Tr\u00e4ume sind und wie ihre hellen und ihre dunklen Seiten aussehen.<\/p>\n\n\n\n<p>Ideen daf\u00fcr schwirren bereits in meinem Kopf herum. Schauen wir mal, wann diese \u201eHirngespinste\u201c aus meiner Feder, sprich meinem Stift auf das Papier \u201etanzen\u201c.<\/p>\n\n\n\n<p>Lasst euch \u00fcberraschen!<\/p>\n\n\n\n<p>Elisabeth<\/p>\n\n\n\n<p><\/p>\n","protected":false},"excerpt":{"rendered":"<p>Vita Beg\u00fcnstigt durch eine Lotto-Totto-Wette des Vaters und so zusagen als \u201eDreingabe\u201c wollte es das Schicksal oder das Gl\u00fcck, dass vor \u00fcber sechs Jahrzehnten ein M\u00e4dchen einige Minuten nach ihrem Bruder auf die Welt kam. Die Zwillinge verbrachten eine gl\u00fcckliche und unbesorgte Kindheit mit ihren drei \u00e4lteren Geschwistern, den Eltern und der Gro\u00dfmutter im badischen <a class=\"more-link\" href=\"https:\/\/www.federtanz.de\/?page_id=2\">weiterlesen&#8230;<\/a><\/p>\n","protected":false},"author":2,"featured_media":0,"parent":0,"menu_order":0,"comment_status":"closed","ping_status":"open","template":"","meta":[],"_links":{"self":[{"href":"https:\/\/www.federtanz.de\/index.php?rest_route=\/wp\/v2\/pages\/2"}],"collection":[{"href":"https:\/\/www.federtanz.de\/index.php?rest_route=\/wp\/v2\/pages"}],"about":[{"href":"https:\/\/www.federtanz.de\/index.php?rest_route=\/wp\/v2\/types\/page"}],"author":[{"embeddable":true,"href":"https:\/\/www.federtanz.de\/index.php?rest_route=\/wp\/v2\/users\/2"}],"replies":[{"embeddable":true,"href":"https:\/\/www.federtanz.de\/index.php?rest_route=%2Fwp%2Fv2%2Fcomments&post=2"}],"version-history":[{"count":3,"href":"https:\/\/www.federtanz.de\/index.php?rest_route=\/wp\/v2\/pages\/2\/revisions"}],"predecessor-version":[{"id":146,"href":"https:\/\/www.federtanz.de\/index.php?rest_route=\/wp\/v2\/pages\/2\/revisions\/146"}],"wp:attachment":[{"href":"https:\/\/www.federtanz.de\/index.php?rest_route=%2Fwp%2Fv2%2Fmedia&parent=2"}],"curies":[{"name":"wp","href":"https:\/\/api.w.org\/{rel}","templated":true}]}}